{"id":388,"date":"2022-08-03T17:32:14","date_gmt":"2022-08-03T15:32:14","guid":{"rendered":"https:\/\/philippeberson.art\/?page_id=388"},"modified":"2022-10-14T18:14:41","modified_gmt":"2022-10-14T16:14:41","slug":"388-2","status":"publish","type":"page","link":"https:\/\/philippeberson.art\/","title":{"rendered":""},"content":{"rendered":"\n<p class=\"has-text-align-center has-light-gray-color has-text-color\" style=\"letter-spacing:3px\">Philippe Berson est un artiste performeur vivant et travaillant entre Paris et Palerme o\u00f9 il s\u2019est install\u00e9 depuis une vingtaine d\u2019ann\u00e9es.<\/p>\n\n\n\n<p class=\"has-text-align-center has-light-gray-color has-text-color\" style=\"letter-spacing:3px\">Assemblant mat\u00e9riel min\u00e9ral (m\u00e9tal) et organique (os d\u2019animaux), l\u2019artiste tente par ses constructions primales, une approche quasi-chamanique de la sculpture. Cette d\u00e9marche s\u2019incarne \u00e9gaement dans ses oeuvres picturales, o\u00f9 le sacr\u00e9, le dispute au profane.<\/p>\n\n\n\n<div style=\"height:158px\" aria-hidden=\"true\" class=\"wp-block-spacer\"><\/div>\n\n\n\n<figure class=\"wp-block-gallery alignfull has-nested-images columns-5 is-cropped wp-block-gallery-1 is-layout-flex wp-block-gallery-is-layout-flex\">\n<figure class=\"wp-block-image size-large\"><a href=\"https:\/\/philippeberson.art\/wp-content\/uploads\/2022\/07\/s02-scaled.jpg\"><img loading=\"lazy\" decoding=\"async\" width=\"683\" height=\"1024\" data-id=\"371\" src=\"https:\/\/philippeberson.art\/wp-content\/uploads\/2022\/07\/s02-683x1024.jpg\" alt=\"\" class=\"wp-image-371\" srcset=\"https:\/\/philippeberson.art\/wp-content\/uploads\/2022\/07\/s02-683x1024.jpg 683w, https:\/\/philippeberson.art\/wp-content\/uploads\/2022\/07\/s02-200x300.jpg 200w, https:\/\/philippeberson.art\/wp-content\/uploads\/2022\/07\/s02-768x1152.jpg 768w, https:\/\/philippeberson.art\/wp-content\/uploads\/2022\/07\/s02-1024x1536.jpg 1024w, https:\/\/philippeberson.art\/wp-content\/uploads\/2022\/07\/s02-1365x2048.jpg 1365w, https:\/\/philippeberson.art\/wp-content\/uploads\/2022\/07\/s02-scaled.jpg 1707w\" sizes=\"auto, (max-width: 683px) 100vw, 683px\" \/><\/a><\/figure>\n\n\n\n<figure class=\"wp-block-image size-large\"><a href=\"https:\/\/philippeberson.art\/wp-content\/uploads\/2022\/07\/v00-scaled.jpg\"><img loading=\"lazy\" decoding=\"async\" width=\"683\" height=\"1024\" data-id=\"318\" src=\"https:\/\/philippeberson.art\/wp-content\/uploads\/2022\/07\/v00-683x1024.jpg\" alt=\"\" class=\"wp-image-318\" srcset=\"https:\/\/philippeberson.art\/wp-content\/uploads\/2022\/07\/v00-683x1024.jpg 683w, https:\/\/philippeberson.art\/wp-content\/uploads\/2022\/07\/v00-200x300.jpg 200w, https:\/\/philippeberson.art\/wp-content\/uploads\/2022\/07\/v00-768x1152.jpg 768w, https:\/\/philippeberson.art\/wp-content\/uploads\/2022\/07\/v00-1024x1536.jpg 1024w, https:\/\/philippeberson.art\/wp-content\/uploads\/2022\/07\/v00-1365x2048.jpg 1365w, https:\/\/philippeberson.art\/wp-content\/uploads\/2022\/07\/v00-scaled.jpg 1706w\" sizes=\"auto, (max-width: 683px) 100vw, 683px\" \/><\/a><\/figure>\n\n\n\n<figure class=\"wp-block-image size-large\"><a href=\"https:\/\/philippeberson.art\/wp-content\/uploads\/2022\/07\/p02-scaled.jpg\"><img loading=\"lazy\" decoding=\"async\" width=\"680\" height=\"1024\" data-id=\"356\" src=\"https:\/\/philippeberson.art\/wp-content\/uploads\/2022\/07\/p02-680x1024.jpg\" alt=\"\" class=\"wp-image-356\" srcset=\"https:\/\/philippeberson.art\/wp-content\/uploads\/2022\/07\/p02-680x1024.jpg 680w, https:\/\/philippeberson.art\/wp-content\/uploads\/2022\/07\/p02-199x300.jpg 199w, https:\/\/philippeberson.art\/wp-content\/uploads\/2022\/07\/p02-768x1156.jpg 768w, https:\/\/philippeberson.art\/wp-content\/uploads\/2022\/07\/p02-1020x1536.jpg 1020w, https:\/\/philippeberson.art\/wp-content\/uploads\/2022\/07\/p02-1360x2048.jpg 1360w, https:\/\/philippeberson.art\/wp-content\/uploads\/2022\/07\/p02-scaled.jpg 1700w\" sizes=\"auto, (max-width: 680px) 100vw, 680px\" \/><\/a><\/figure>\n\n\n\n<figure class=\"wp-block-image size-large\"><a href=\"https:\/\/philippeberson.art\/wp-content\/uploads\/2022\/07\/p00-scaled.jpg\"><img loading=\"lazy\" decoding=\"async\" width=\"683\" height=\"1024\" data-id=\"354\" src=\"https:\/\/philippeberson.art\/wp-content\/uploads\/2022\/07\/p00-683x1024.jpg\" alt=\"\" class=\"wp-image-354\" srcset=\"https:\/\/philippeberson.art\/wp-content\/uploads\/2022\/07\/p00-683x1024.jpg 683w, https:\/\/philippeberson.art\/wp-content\/uploads\/2022\/07\/p00-200x300.jpg 200w, https:\/\/philippeberson.art\/wp-content\/uploads\/2022\/07\/p00-768x1152.jpg 768w, https:\/\/philippeberson.art\/wp-content\/uploads\/2022\/07\/p00-1024x1536.jpg 1024w, https:\/\/philippeberson.art\/wp-content\/uploads\/2022\/07\/p00-1365x2048.jpg 1365w, https:\/\/philippeberson.art\/wp-content\/uploads\/2022\/07\/p00-scaled.jpg 1707w\" sizes=\"auto, (max-width: 683px) 100vw, 683px\" \/><\/a><\/figure>\n\n\n\n<figure class=\"wp-block-image size-large\"><a href=\"https:\/\/philippeberson.art\/wp-content\/uploads\/2022\/07\/c06-scaled.jpg\"><img loading=\"lazy\" decoding=\"async\" width=\"683\" height=\"1024\" data-id=\"299\" src=\"https:\/\/philippeberson.art\/wp-content\/uploads\/2022\/07\/c06-683x1024.jpg\" alt=\"\" class=\"wp-image-299\" srcset=\"https:\/\/philippeberson.art\/wp-content\/uploads\/2022\/07\/c06-683x1024.jpg 683w, https:\/\/philippeberson.art\/wp-content\/uploads\/2022\/07\/c06-200x300.jpg 200w, https:\/\/philippeberson.art\/wp-content\/uploads\/2022\/07\/c06-768x1152.jpg 768w, https:\/\/philippeberson.art\/wp-content\/uploads\/2022\/07\/c06-1024x1536.jpg 1024w, https:\/\/philippeberson.art\/wp-content\/uploads\/2022\/07\/c06-1365x2048.jpg 1365w, https:\/\/philippeberson.art\/wp-content\/uploads\/2022\/07\/c06-scaled.jpg 1707w\" sizes=\"auto, (max-width: 683px) 100vw, 683px\" \/><\/a><\/figure>\n\n\n\n<figure class=\"wp-block-image size-large\"><a href=\"https:\/\/philippeberson.art\/wp-content\/uploads\/2022\/07\/p04-scaled.jpg\"><img loading=\"lazy\" decoding=\"async\" width=\"683\" height=\"1024\" data-id=\"358\" src=\"https:\/\/philippeberson.art\/wp-content\/uploads\/2022\/07\/p04-683x1024.jpg\" alt=\"\" class=\"wp-image-358\" srcset=\"https:\/\/philippeberson.art\/wp-content\/uploads\/2022\/07\/p04-683x1024.jpg 683w, https:\/\/philippeberson.art\/wp-content\/uploads\/2022\/07\/p04-200x300.jpg 200w, https:\/\/philippeberson.art\/wp-content\/uploads\/2022\/07\/p04-768x1152.jpg 768w, https:\/\/philippeberson.art\/wp-content\/uploads\/2022\/07\/p04-1024x1536.jpg 1024w, https:\/\/philippeberson.art\/wp-content\/uploads\/2022\/07\/p04-scaled.jpg 1707w\" sizes=\"auto, (max-width: 683px) 100vw, 683px\" \/><\/a><\/figure>\n\n\n\n<figure class=\"wp-block-image size-large\"><a href=\"https:\/\/philippeberson.art\/wp-content\/uploads\/2022\/07\/l06-scaled.jpg\"><img loading=\"lazy\" decoding=\"async\" width=\"683\" height=\"1024\" data-id=\"346\" src=\"https:\/\/philippeberson.art\/wp-content\/uploads\/2022\/07\/l06-683x1024.jpg\" alt=\"\" class=\"wp-image-346\" srcset=\"https:\/\/philippeberson.art\/wp-content\/uploads\/2022\/07\/l06-683x1024.jpg 683w, https:\/\/philippeberson.art\/wp-content\/uploads\/2022\/07\/l06-200x300.jpg 200w, https:\/\/philippeberson.art\/wp-content\/uploads\/2022\/07\/l06-768x1152.jpg 768w, https:\/\/philippeberson.art\/wp-content\/uploads\/2022\/07\/l06-1024x1536.jpg 1024w, https:\/\/philippeberson.art\/wp-content\/uploads\/2022\/07\/l06-1365x2048.jpg 1365w, https:\/\/philippeberson.art\/wp-content\/uploads\/2022\/07\/l06-scaled.jpg 1707w\" sizes=\"auto, (max-width: 683px) 100vw, 683px\" \/><\/a><\/figure>\n\n\n\n<figure class=\"wp-block-image size-large\"><a href=\"https:\/\/philippeberson.art\/wp-content\/uploads\/2022\/07\/v02-1-scaled.jpg\"><img loading=\"lazy\" decoding=\"async\" width=\"680\" height=\"1024\" data-id=\"324\" src=\"https:\/\/philippeberson.art\/wp-content\/uploads\/2022\/07\/v02-1-680x1024.jpg\" alt=\"\" class=\"wp-image-324\" srcset=\"https:\/\/philippeberson.art\/wp-content\/uploads\/2022\/07\/v02-1-680x1024.jpg 680w, https:\/\/philippeberson.art\/wp-content\/uploads\/2022\/07\/v02-1-199x300.jpg 199w, https:\/\/philippeberson.art\/wp-content\/uploads\/2022\/07\/v02-1-768x1156.jpg 768w, https:\/\/philippeberson.art\/wp-content\/uploads\/2022\/07\/v02-1-1020x1536.jpg 1020w, https:\/\/philippeberson.art\/wp-content\/uploads\/2022\/07\/v02-1-1360x2048.jpg 1360w, https:\/\/philippeberson.art\/wp-content\/uploads\/2022\/07\/v02-1-scaled.jpg 1700w\" sizes=\"auto, (max-width: 680px) 100vw, 680px\" \/><\/a><\/figure>\n\n\n\n<figure class=\"wp-block-image size-large\"><a href=\"https:\/\/philippeberson.art\/wp-content\/uploads\/2022\/07\/v05-scaled.jpg\"><img loading=\"lazy\" decoding=\"async\" width=\"1024\" height=\"680\" data-id=\"325\" src=\"https:\/\/philippeberson.art\/wp-content\/uploads\/2022\/07\/v05-1024x680.jpg\" alt=\"\" class=\"wp-image-325\" srcset=\"https:\/\/philippeberson.art\/wp-content\/uploads\/2022\/07\/v05-1024x680.jpg 1024w, https:\/\/philippeberson.art\/wp-content\/uploads\/2022\/07\/v05-300x199.jpg 300w, https:\/\/philippeberson.art\/wp-content\/uploads\/2022\/07\/v05-768x510.jpg 768w, https:\/\/philippeberson.art\/wp-content\/uploads\/2022\/07\/v05-1536x1020.jpg 1536w, https:\/\/philippeberson.art\/wp-content\/uploads\/2022\/07\/v05-2048x1360.jpg 2048w, https:\/\/philippeberson.art\/wp-content\/uploads\/2022\/07\/v05-507x338.jpg 507w\" sizes=\"auto, (max-width: 1024px) 100vw, 1024px\" \/><\/a><\/figure>\n<\/figure>\n","protected":false},"excerpt":{"rendered":"<p>Philippe Berson est un artiste performeur vivant et travaillant entre Paris et Palerme o\u00f9 il s\u2019est install\u00e9 depuis une vingtaine<\/p>\n<p><a href=\"https:\/\/philippeberson.art\/\" class=\"more-link\">Continue reading<span class=\"screen-reader-text\"><\/span><\/a><\/p>\n","protected":false},"author":1,"featured_media":0,"parent":0,"menu_order":0,"comment_status":"closed","ping_status":"closed","template":"","meta":{"footnotes":""},"class_list":["post-388","page","type-page","status-publish","hentry"],"_links":{"self":[{"href":"https:\/\/philippeberson.art\/index.php\/wp-json\/wp\/v2\/pages\/388","targetHints":{"allow":["GET"]}}],"collection":[{"href":"https:\/\/philippeberson.art\/index.php\/wp-json\/wp\/v2\/pages"}],"about":[{"href":"https:\/\/philippeberson.art\/index.php\/wp-json\/wp\/v2\/types\/page"}],"author":[{"embeddable":true,"href":"https:\/\/philippeberson.art\/index.php\/wp-json\/wp\/v2\/users\/1"}],"replies":[{"embeddable":true,"href":"https:\/\/philippeberson.art\/index.php\/wp-json\/wp\/v2\/comments?post=388"}],"version-history":[{"count":4,"href":"https:\/\/philippeberson.art\/index.php\/wp-json\/wp\/v2\/pages\/388\/revisions"}],"predecessor-version":[{"id":425,"href":"https:\/\/philippeberson.art\/index.php\/wp-json\/wp\/v2\/pages\/388\/revisions\/425"}],"wp:attachment":[{"href":"https:\/\/philippeberson.art\/index.php\/wp-json\/wp\/v2\/media?parent=388"}],"curies":[{"name":"wp","href":"https:\/\/api.w.org\/{rel}","templated":true}]}}