{"id":32,"date":"2022-02-03T12:15:18","date_gmt":"2022-02-03T11:15:18","guid":{"rendered":"https:\/\/philippeberson.art\/?page_id=32"},"modified":"2022-08-03T18:29:46","modified_gmt":"2022-08-03T16:29:46","slug":"a-propos","status":"publish","type":"page","link":"https:\/\/philippeberson.art\/index.php\/a-propos\/","title":{"rendered":"\u00c0 propos"},"content":{"rendered":"<p>Philippe Berson est un artiste performeur vivant et travaillant entre Paris et Palerme o\u00f9 il s&rsquo;est install\u00e9 depuis une vingtaine d&rsquo;ann\u00e9es.<\/p>\n<p>Assemblant mat\u00e9riel min\u00e9ral (m\u00e9tal) et organique (os d&rsquo;animaux), l&rsquo;artiste tente par ses constructions primales, une approche quasi-chamanique de la sculture. Cette d\u00e9marche s&rsquo;incarne \u00e9gaement dans ses oeuvres picturales, o\u00f9 le sacr\u00e9, le dispute au profane.<\/p>\n<p>Il a expos\u00e9 dans de nombreuses manifestations artistiques dans le monde entier : Biennale de Venise, NYC &#8211; Performance \u00ab\u00a0The Kraken\u00a0\u00bb at The Stone, Exposition Persona \u00e0 l&rsquo;Alloggiato San Bartolomeo \u00e0 Palerme, Biennale d&rsquo;Istanbul etc.<\/p>\n<p>\u00a0<\/p>\n\n\n<h2 class=\"wp-block-heading\">Expositions<\/h2>\n\n\n\n<p>2021 &#8211; Exposition collettiva &#8211; Reine de Paris &#8211; Metamorphose<\/p>\n\n\n\n<p>2021 &#8211; Prometeo &#8211; Costumi<\/p>\n\n\n\n<p>2020 &#8211; Commissaire d&rsquo;exposition et participation \u00e0 l&rsquo;exposition collective : \u00ab\u00a0Reine de Paris s&rsquo;expose\u00a0\u00bb<br>au 59 Rivoli. Paris<\/p>\n\n\n\n<p>2019 &#8211; Exposition collective .Ritenere. Palerme<\/p>\n\n\n\n<p>2018 &#8211; Petralia costume pour la pi\u00e8ce de th\u00e9\u00e2tre Pinocchio<\/p>\n\n\n\n<p>2018 &#8211; Milan exposition collective suivie de la performance balan\u00e7oire<\/p>\n\n\n\n<p>2017 &#8211; Biennale del sale Petralia, Sicile<\/p>\n\n\n\n<p>2017 &#8211; Palazzo Cuto Palerme exposition \u00ab Crudo. Via dei tesori \u00bb &#8211; Association Lemosche, Palerme<\/p>\n\n\n\n<p>2016 &#8211; Performance inhale expel sculturing fuckture, Palerme<\/p>\n\n\n\n<p>2015 &#8211; Performance le Kraken, A the Stone , New York<\/p>\n\n\n\n<p>2015 &#8211; Exposition collective  \u00ab Il Corpo Offeso \u00bb, Palerme<\/p>\n\n\n\n<p>2014 &#8211; Nel Fuoco (r\u00e9alis\u00e9 par Giuseppe Massa) &#8211; sc\u00e8nes et costumes. Piacenza Teatro Serra 2014 &#8211; Su A (r\u00e9alis\u00e9 par Marika Pugliatti) &#8211; sc\u00e8nes et costumes, Piacenza Teatro Serra<\/p>\n\n\n\n<p>2014 &#8211; Riccardo Third (r\u00e9alis\u00e9 par Giuseppe Massa) &#8211; sc\u00e8nes et costumes, Fondation Gibellina Orestiadi<\/p>\n\n\n\n<p>2014 &#8211; Association culturelle Le Mosche (via Mariano stable 92, 90100) &#8211; membre fondateur et consultant artistique, Palerme<\/p>\n\n\n\n<p>2013 &#8211; Womb Tomb (r\u00e9alis\u00e9 par Simone Mannino) &#8211; costumes &#8211; Production italo-turque &#8211; Th\u00e9\u00e2tre national Garaji d&rsquo;Istanbul, Istanbul<\/p>\n\n\n\n<p>2013 &#8211; H\u00f4tel Italia. Biennale d&rsquo;Art d&rsquo;Istanbul, Exposition collective. M\u00e9langeur de galerie, Istanbul<\/p>\n\n\n\n<p>2012 &#8211; \u00ab Fronti\u00e8res liquides \u00bb, Exposition collective, Ortigia Syracuse<\/p>\n\n\n\n<p>2011 &#8211; Viande \/ Ing Art de Palerme, Exposition collective, Biennale de Fuori, Venise<\/p>\n\n\n\n<p>2011.-  \u00ab Die Grosse \u00bb Exposition collective, Kunst Palace, D\u00fcsseldorf<\/p>\n\n\n\n<p>2010 &#8211; Association culturelle \u00ab Nostra Signora \u00bb Suite (via Re Federico, 90100) &#8211; membre fondateur et consultant artistique, Palerme<\/p>\n\n\n\n<p>2010 &#8211; Suite d&rsquo;art. Exposition collective. Associaz. Suite Our Lady via Re Federico 90100, Palerme<\/p>\n\n\n\n<p>2009 &#8211; Drame Hipoyhesys, Exposition collective, Ortigia Syracuse<\/p>\n\n\n\n<p>2008 &#8211; H\u00f4tel des \u00e9trangers, Exposition collective, Palerme<\/p>\n\n\n\n<p>2007 &#8211; Cyber Zone, Installation &#8211; Archives municipales de la Casa Professa, Palerme <\/p>\n\n\n\n<p>2006 &#8211; Trace Museum Theatre, Installation, Th\u00e9\u00e2tre La Vicaria, Palermo<\/p>\n\n\n\n<p>2006 &#8211; Bateau noir,  Installation, Piazza Comunale, San Vito Lo Capo<\/p>\n\n\n\n<p>2005 &#8211; Kamikaze ou la capitulation de la raison, Installation \/ Performance, Teatro Garibaldi, Palerme<\/p>\n\n\n\n<p>2004 &#8211; Galerie de progression, Exposition collective, Palerme <\/p>\n\n\n\n<p>2004 &#8211; Stock Art contemporain Nuremberg-Palermo, Nuremberg<\/p>\n\n\n\n<p>2001- Art dans l&rsquo;atelier, Exposition collective, Fondation Orestiadi, Tunis<\/p>\n\n\n\n<p>1999 &#8211; \u00ab Ecstasy \u00bb, Exposition collective, Galleria Piero Montana, Bagheria Sicile<\/p>\n\n\n\n<p>1999 &#8211; \u00ab Mauvaise fin pour le mill\u00e9naire \u00bb, Exposition personnelle, Galerie Bottega di Hefesto, Palerme<\/p>\n\n\n\n<p>1999 &#8211; \u00ab De la mort \u00bb Exposition collective, Galerie Bottega di Hefesto, Palerme<\/p>\n\n\n\n<p>1999 &#8211; \u00ab Carrefour fantastique \u00bb, Exposition personnelle, Mus\u00e9e des textures m\u00e9diterran\u00e9ennes, Fondation Orestiadi Gibellina, Sicile<\/p>\n\n\n\n<p>1998 &#8211; Fabrication de bijoux pour Christian Lacroix, Paris<\/p>\n\n\n\n<p>1998 &#8211; \u00ab Invitation \u00e0 aimer \u00bb Exposition collective, Galerie de la chambre, Paris<\/p>\n\n\n\n<p>1996 &#8211; Galerie Jean Fran\u00e7ois Dubois, Exposition collective, Paris<\/p>\n\n\n\n<p><br>1996 &#8211; \u00ab Le Bain de Diane \u00bb Performance, Atelier Bathory, Cr\u00e9ation de bijoux, Paris<\/p>\n\n\n\n<p>1995 &#8211; \u00ab Barokhave de l&rsquo;espace \u00bb, Exposition personnelle, Arden (Danemark)<\/p>\n\n\n\n<p>1988-1994 &#8211; Cr\u00e9ation de la Galerie : \u00ab\u00a0La Vache Multicolore\u00a0\u00bb, Paris<\/p>\n","protected":false},"excerpt":{"rendered":"<p>Philippe Berson est un artiste performeur vivant et travaillant entre Paris et Palerme o\u00f9 il s&rsquo;est install\u00e9 depuis une vingtaine<\/p>\n<p><a href=\"https:\/\/philippeberson.art\/index.php\/a-propos\/\" class=\"more-link\">Continue reading<span class=\"screen-reader-text\">\u00c0 propos<\/span><\/a><\/p>\n","protected":false},"author":1,"featured_media":0,"parent":0,"menu_order":0,"comment_status":"closed","ping_status":"closed","template":"","meta":{"footnotes":""},"class_list":["post-32","page","type-page","status-publish","hentry"],"_links":{"self":[{"href":"https:\/\/philippeberson.art\/index.php\/wp-json\/wp\/v2\/pages\/32","targetHints":{"allow":["GET"]}}],"collection":[{"href":"https:\/\/philippeberson.art\/index.php\/wp-json\/wp\/v2\/pages"}],"about":[{"href":"https:\/\/philippeberson.art\/index.php\/wp-json\/wp\/v2\/types\/page"}],"author":[{"embeddable":true,"href":"https:\/\/philippeberson.art\/index.php\/wp-json\/wp\/v2\/users\/1"}],"replies":[{"embeddable":true,"href":"https:\/\/philippeberson.art\/index.php\/wp-json\/wp\/v2\/comments?post=32"}],"version-history":[{"count":13,"href":"https:\/\/philippeberson.art\/index.php\/wp-json\/wp\/v2\/pages\/32\/revisions"}],"predecessor-version":[{"id":399,"href":"https:\/\/philippeberson.art\/index.php\/wp-json\/wp\/v2\/pages\/32\/revisions\/399"}],"wp:attachment":[{"href":"https:\/\/philippeberson.art\/index.php\/wp-json\/wp\/v2\/media?parent=32"}],"curies":[{"name":"wp","href":"https:\/\/api.w.org\/{rel}","templated":true}]}}