{"id":11,"date":"2022-02-03T11:36:30","date_gmt":"2022-02-03T10:36:30","guid":{"rendered":"https:\/\/philippeberson.art\/?page_id=11"},"modified":"2022-07-31T18:36:35","modified_gmt":"2022-07-31T16:36:35","slug":"capuccini","status":"publish","type":"page","link":"https:\/\/philippeberson.art\/index.php\/capuccini\/","title":{"rendered":"Capuccini"},"content":{"rendered":"\n<p class=\"has-text-align-center\">\u00c0 partir des momies des Catacombes des Fr\u00e8res Capucins de Palermo, Philippe Berson a d\u00e9velopp\u00e9 une ex\u00e9g\u00e8se possible au travers d\u2019une installation qui interroge la notion de mort. Assemblant du mat\u00e9riel min\u00e9ral (m\u00e9tal) et organique (os d\u2019animaux) au moyen de figures anthropomorphes d\u2019une totale neutralit\u00e9 chromatique, de restituer une vision o\u00f9 le macabre a laiss\u00e9 la place \u00e0 une rituelle repr\u00e9sentation du sacr\u00e9, \u00e0 une dramaturgie apaisante et contemporaine.<\/p>\n\n\n\n<p><\/p>\n\n\n<div class=\"wp-block-image\">\n<figure class=\"aligncenter size-large is-resized\"><a href=\"https:\/\/philippeberson.art\/wp-content\/uploads\/2022\/07\/c00-scaled.jpg\"><img loading=\"lazy\" decoding=\"async\" src=\"https:\/\/philippeberson.art\/wp-content\/uploads\/2022\/07\/c00-680x1024.jpg\" alt=\"\" class=\"wp-image-270\" width=\"880\" height=\"1325\" srcset=\"https:\/\/philippeberson.art\/wp-content\/uploads\/2022\/07\/c00-680x1024.jpg 680w, https:\/\/philippeberson.art\/wp-content\/uploads\/2022\/07\/c00-199x300.jpg 199w, https:\/\/philippeberson.art\/wp-content\/uploads\/2022\/07\/c00-768x1156.jpg 768w, https:\/\/philippeberson.art\/wp-content\/uploads\/2022\/07\/c00-1020x1536.jpg 1020w, https:\/\/philippeberson.art\/wp-content\/uploads\/2022\/07\/c00-1360x2048.jpg 1360w, https:\/\/philippeberson.art\/wp-content\/uploads\/2022\/07\/c00-scaled.jpg 1700w\" sizes=\"auto, (max-width: 880px) 100vw, 880px\" \/><\/a><\/figure>\n<\/div>\n\n\n<figure class=\"wp-block-gallery has-nested-images columns-2 is-cropped wp-block-gallery-1 is-layout-flex wp-block-gallery-is-layout-flex\">\n<figure class=\"wp-block-image size-large\"><a href=\"https:\/\/philippeberson.art\/wp-content\/uploads\/2022\/07\/c02-scaled.jpg\"><img loading=\"lazy\" decoding=\"async\" width=\"1707\" height=\"2560\" data-id=\"272\" src=\"https:\/\/philippeberson.art\/wp-content\/uploads\/2022\/07\/c02-scaled.jpg\" alt=\"\" class=\"wp-image-272\" srcset=\"https:\/\/philippeberson.art\/wp-content\/uploads\/2022\/07\/c02-scaled.jpg 1707w, https:\/\/philippeberson.art\/wp-content\/uploads\/2022\/07\/c02-200x300.jpg 200w, https:\/\/philippeberson.art\/wp-content\/uploads\/2022\/07\/c02-683x1024.jpg 683w, https:\/\/philippeberson.art\/wp-content\/uploads\/2022\/07\/c02-768x1152.jpg 768w, https:\/\/philippeberson.art\/wp-content\/uploads\/2022\/07\/c02-1024x1536.jpg 1024w, https:\/\/philippeberson.art\/wp-content\/uploads\/2022\/07\/c02-1365x2048.jpg 1365w\" sizes=\"auto, (max-width: 1707px) 100vw, 1707px\" \/><\/a><\/figure>\n\n\n\n<figure class=\"wp-block-image size-large\"><a href=\"https:\/\/philippeberson.art\/wp-content\/uploads\/2022\/07\/c01-scaled.jpg\"><img loading=\"lazy\" decoding=\"async\" width=\"1707\" height=\"2560\" data-id=\"271\" src=\"https:\/\/philippeberson.art\/wp-content\/uploads\/2022\/07\/c01-scaled.jpg\" alt=\"\" class=\"wp-image-271\" srcset=\"https:\/\/philippeberson.art\/wp-content\/uploads\/2022\/07\/c01-scaled.jpg 1707w, https:\/\/philippeberson.art\/wp-content\/uploads\/2022\/07\/c01-200x300.jpg 200w, https:\/\/philippeberson.art\/wp-content\/uploads\/2022\/07\/c01-683x1024.jpg 683w, https:\/\/philippeberson.art\/wp-content\/uploads\/2022\/07\/c01-768x1152.jpg 768w, https:\/\/philippeberson.art\/wp-content\/uploads\/2022\/07\/c01-1024x1536.jpg 1024w, https:\/\/philippeberson.art\/wp-content\/uploads\/2022\/07\/c01-1365x2048.jpg 1365w\" sizes=\"auto, (max-width: 1707px) 100vw, 1707px\" \/><\/a><\/figure>\n\n\n\n<figure class=\"wp-block-image size-large\"><a href=\"https:\/\/philippeberson.art\/wp-content\/uploads\/2022\/07\/c06-scaled.jpg\"><img loading=\"lazy\" decoding=\"async\" width=\"1707\" height=\"2560\" data-id=\"299\" src=\"https:\/\/philippeberson.art\/wp-content\/uploads\/2022\/07\/c06-scaled.jpg\" alt=\"\" class=\"wp-image-299\" srcset=\"https:\/\/philippeberson.art\/wp-content\/uploads\/2022\/07\/c06-scaled.jpg 1707w, https:\/\/philippeberson.art\/wp-content\/uploads\/2022\/07\/c06-200x300.jpg 200w, https:\/\/philippeberson.art\/wp-content\/uploads\/2022\/07\/c06-683x1024.jpg 683w, https:\/\/philippeberson.art\/wp-content\/uploads\/2022\/07\/c06-768x1152.jpg 768w, https:\/\/philippeberson.art\/wp-content\/uploads\/2022\/07\/c06-1024x1536.jpg 1024w, https:\/\/philippeberson.art\/wp-content\/uploads\/2022\/07\/c06-1365x2048.jpg 1365w\" sizes=\"auto, (max-width: 1707px) 100vw, 1707px\" \/><\/a><\/figure>\n\n\n\n<figure class=\"wp-block-image size-large\"><a href=\"https:\/\/philippeberson.art\/wp-content\/uploads\/2022\/07\/c05-scaled.jpg\"><img loading=\"lazy\" decoding=\"async\" width=\"1707\" height=\"2560\" data-id=\"298\" src=\"https:\/\/philippeberson.art\/wp-content\/uploads\/2022\/07\/c05-scaled.jpg\" alt=\"\" class=\"wp-image-298\" srcset=\"https:\/\/philippeberson.art\/wp-content\/uploads\/2022\/07\/c05-scaled.jpg 1707w, https:\/\/philippeberson.art\/wp-content\/uploads\/2022\/07\/c05-200x300.jpg 200w, https:\/\/philippeberson.art\/wp-content\/uploads\/2022\/07\/c05-683x1024.jpg 683w, https:\/\/philippeberson.art\/wp-content\/uploads\/2022\/07\/c05-768x1152.jpg 768w, https:\/\/philippeberson.art\/wp-content\/uploads\/2022\/07\/c05-1024x1536.jpg 1024w, https:\/\/philippeberson.art\/wp-content\/uploads\/2022\/07\/c05-1365x2048.jpg 1365w\" sizes=\"auto, (max-width: 1707px) 100vw, 1707px\" \/><\/a><\/figure>\n\n\n\n<figure class=\"wp-block-image size-large\"><a href=\"https:\/\/philippeberson.art\/wp-content\/uploads\/2022\/07\/c04-scaled.jpg\"><img loading=\"lazy\" decoding=\"async\" width=\"1707\" height=\"2560\" data-id=\"297\" src=\"https:\/\/philippeberson.art\/wp-content\/uploads\/2022\/07\/c04-scaled.jpg\" alt=\"\" class=\"wp-image-297\" srcset=\"https:\/\/philippeberson.art\/wp-content\/uploads\/2022\/07\/c04-scaled.jpg 1707w, https:\/\/philippeberson.art\/wp-content\/uploads\/2022\/07\/c04-200x300.jpg 200w, https:\/\/philippeberson.art\/wp-content\/uploads\/2022\/07\/c04-683x1024.jpg 683w, https:\/\/philippeberson.art\/wp-content\/uploads\/2022\/07\/c04-768x1152.jpg 768w, https:\/\/philippeberson.art\/wp-content\/uploads\/2022\/07\/c04-1024x1536.jpg 1024w, https:\/\/philippeberson.art\/wp-content\/uploads\/2022\/07\/c04-1365x2048.jpg 1365w\" sizes=\"auto, (max-width: 1707px) 100vw, 1707px\" \/><\/a><\/figure>\n\n\n\n<figure class=\"wp-block-image size-large\"><a href=\"https:\/\/philippeberson.art\/wp-content\/uploads\/2022\/07\/c03-scaled.jpg\"><img loading=\"lazy\" decoding=\"async\" width=\"1707\" height=\"2560\" data-id=\"296\" src=\"https:\/\/philippeberson.art\/wp-content\/uploads\/2022\/07\/c03-scaled.jpg\" alt=\"\" class=\"wp-image-296\" srcset=\"https:\/\/philippeberson.art\/wp-content\/uploads\/2022\/07\/c03-scaled.jpg 1707w, https:\/\/philippeberson.art\/wp-content\/uploads\/2022\/07\/c03-200x300.jpg 200w, https:\/\/philippeberson.art\/wp-content\/uploads\/2022\/07\/c03-683x1024.jpg 683w, https:\/\/philippeberson.art\/wp-content\/uploads\/2022\/07\/c03-768x1152.jpg 768w, https:\/\/philippeberson.art\/wp-content\/uploads\/2022\/07\/c03-1024x1536.jpg 1024w, https:\/\/philippeberson.art\/wp-content\/uploads\/2022\/07\/c03-1365x2048.jpg 1365w\" sizes=\"auto, (max-width: 1707px) 100vw, 1707px\" \/><\/a><\/figure>\n<\/figure>\n\n\n\n<figure class=\"wp-block-image size-large\"><a href=\"https:\/\/philippeberson.art\/wp-content\/uploads\/2022\/07\/c07.jpg\"><img loading=\"lazy\" decoding=\"async\" width=\"1024\" height=\"682\" src=\"https:\/\/philippeberson.art\/wp-content\/uploads\/2022\/07\/c07-1024x682.jpg\" alt=\"\" class=\"wp-image-273\" srcset=\"https:\/\/philippeberson.art\/wp-content\/uploads\/2022\/07\/c07-1024x682.jpg 1024w, https:\/\/philippeberson.art\/wp-content\/uploads\/2022\/07\/c07-300x200.jpg 300w, https:\/\/philippeberson.art\/wp-content\/uploads\/2022\/07\/c07-768x512.jpg 768w, https:\/\/philippeberson.art\/wp-content\/uploads\/2022\/07\/c07-1536x1024.jpg 1536w, https:\/\/philippeberson.art\/wp-content\/uploads\/2022\/07\/c07-507x338.jpg 507w, https:\/\/philippeberson.art\/wp-content\/uploads\/2022\/07\/c07.jpg 1772w\" sizes=\"auto, (max-width: 1024px) 100vw, 1024px\" \/><\/a><\/figure>\n\n\n\n<figure class=\"wp-block-image size-large\"><a href=\"https:\/\/philippeberson.art\/wp-content\/uploads\/2022\/07\/c08-scaled.jpg\"><img loading=\"lazy\" decoding=\"async\" width=\"1024\" height=\"680\" src=\"https:\/\/philippeberson.art\/wp-content\/uploads\/2022\/07\/c08-1024x680.jpg\" alt=\"\" class=\"wp-image-274\" srcset=\"https:\/\/philippeberson.art\/wp-content\/uploads\/2022\/07\/c08-1024x680.jpg 1024w, https:\/\/philippeberson.art\/wp-content\/uploads\/2022\/07\/c08-300x199.jpg 300w, https:\/\/philippeberson.art\/wp-content\/uploads\/2022\/07\/c08-768x510.jpg 768w, https:\/\/philippeberson.art\/wp-content\/uploads\/2022\/07\/c08-1536x1020.jpg 1536w, https:\/\/philippeberson.art\/wp-content\/uploads\/2022\/07\/c08-2048x1360.jpg 2048w, https:\/\/philippeberson.art\/wp-content\/uploads\/2022\/07\/c08-507x338.jpg 507w\" sizes=\"auto, (max-width: 1024px) 100vw, 1024px\" \/><\/a><\/figure>\n","protected":false},"excerpt":{"rendered":"<p>\u00c0 partir des momies des Catacombes des Fr\u00e8res Capucins de Palermo, Philippe Berson a d\u00e9velopp\u00e9 une ex\u00e9g\u00e8se possible au travers<\/p>\n<p><a href=\"https:\/\/philippeberson.art\/index.php\/capuccini\/\" class=\"more-link\">Continue reading<span class=\"screen-reader-text\">Capuccini<\/span><\/a><\/p>\n","protected":false},"author":1,"featured_media":0,"parent":0,"menu_order":0,"comment_status":"closed","ping_status":"closed","template":"","meta":{"footnotes":""},"class_list":["post-11","page","type-page","status-publish","hentry"],"_links":{"self":[{"href":"https:\/\/philippeberson.art\/index.php\/wp-json\/wp\/v2\/pages\/11","targetHints":{"allow":["GET"]}}],"collection":[{"href":"https:\/\/philippeberson.art\/index.php\/wp-json\/wp\/v2\/pages"}],"about":[{"href":"https:\/\/philippeberson.art\/index.php\/wp-json\/wp\/v2\/types\/page"}],"author":[{"embeddable":true,"href":"https:\/\/philippeberson.art\/index.php\/wp-json\/wp\/v2\/users\/1"}],"replies":[{"embeddable":true,"href":"https:\/\/philippeberson.art\/index.php\/wp-json\/wp\/v2\/comments?post=11"}],"version-history":[{"count":13,"href":"https:\/\/philippeberson.art\/index.php\/wp-json\/wp\/v2\/pages\/11\/revisions"}],"predecessor-version":[{"id":300,"href":"https:\/\/philippeberson.art\/index.php\/wp-json\/wp\/v2\/pages\/11\/revisions\/300"}],"wp:attachment":[{"href":"https:\/\/philippeberson.art\/index.php\/wp-json\/wp\/v2\/media?parent=11"}],"curies":[{"name":"wp","href":"https:\/\/api.w.org\/{rel}","templated":true}]}}